{"id":21854,"date":"2025-11-18T21:16:57","date_gmt":"2025-11-18T20:16:57","guid":{"rendered":"https:\/\/elvonulas.krisnavolgy.hu\/?post_type=product&#038;p=21854"},"modified":"2026-04-01T14:37:33","modified_gmt":"2026-04-01T12:37:33","slug":"karmatisztito-zarandoklat-kundavalival","status":"publish","type":"product","link":"https:\/\/elvonulas.krisnavolgy.hu\/en\/product\/karmatisztito-zarandoklat-kundavalival\/","title":{"rendered":"Karmatiszt\u00edt\u00f3 Zar\u00e1ndoklat Kundavalival"},"content":{"rendered":"<p>Szeretn\u00e9d tudatosabban meg\u00e9lni az \u00e9letedben kapott lehet\u0151s\u00e9geket?<\/p>\n<p>Sz\u00edvesen megszabaduln\u00e1l a r\u00e1d nehezed\u0151 karm\u00e1t\u00f3l?<\/p>\n<p>&#8230;vagy ink\u00e1bb azt tanuln\u00e1d meg, hogyan \u00e9rtheted meg, mit akar ezzel tan\u00edtani neked az \u00e9let?<\/p>\n<p>A karma nem az ellens\u00e9g\u00fcnk, hanem a legnagyobb tan\u00edt\u00f3nk.<\/p>\n<p>A mantr\u00e1z\u00e1s, medit\u00e1ci\u00f3 \u00e9s szakr\u00e1lis tev\u00e9kenys\u00e9gek seg\u00edtenek feloldani a r\u00e9gi karm\u00e1kat, mik\u00f6zben tiszt\u00e1bban l\u00e1tod a \u00e9leted ir\u00e1ny\u00e1t. Lelked k\u00f6nnyebb, sz\u00edved h\u00e1l\u00e1sabb, elm\u00e9d nyitottabb lesz. \u00c9s olyan tud\u00e1st kapsz, amely seg\u00edt tudatosabban, kiegyens\u00falyozottabban \u00e9lni.<\/p>\n","protected":false},"excerpt":{"rendered":"<p><img loading=\"lazy\" decoding=\"async\" class=\"alignnone wp-image-21369 size-full\" src=\"https:\/\/elvonulas.krisnavolgy.hu\/wp-content\/uploads\/Kedvzmeny.png\" alt=\"\" width=\"1414\" height=\"1267\" srcset=\"https:\/\/elvonulas.krisnavolgy.hu\/wp-content\/uploads\/Kedvzmeny.png 1414w, https:\/\/elvonulas.krisnavolgy.hu\/wp-content\/uploads\/Kedvzmeny-300x269.png 300w, https:\/\/elvonulas.krisnavolgy.hu\/wp-content\/uploads\/Kedvzmeny-1024x918.png 1024w, https:\/\/elvonulas.krisnavolgy.hu\/wp-content\/uploads\/Kedvzmeny-768x688.png 768w, https:\/\/elvonulas.krisnavolgy.hu\/wp-content\/uploads\/Kedvzmeny-770x690.png 770w, https:\/\/elvonulas.krisnavolgy.hu\/wp-content\/uploads\/Kedvzmeny-860x771.png 860w\" sizes=\"auto, (max-width: 1414px) 100vw, 1414px\" \/><\/p>\n","protected":false},"featured_media":21649,"comment_status":"open","ping_status":"closed","template":"","meta":{"inline_featured_image":false},"product_brand":[],"product_cat":[290],"product_tag":[],"class_list":{"0":"post-21854","1":"product","2":"type-product","3":"status-publish","4":"has-post-thumbnail","6":"product_cat-uncategorized","8":"first","9":"instock","10":"shipping-taxable","11":"purchasable","12":"product-type-variable"},"_links":{"self":[{"href":"https:\/\/elvonulas.krisnavolgy.hu\/en\/wp-json\/wp\/v2\/product\/21854","targetHints":{"allow":["GET"]}}],"collection":[{"href":"https:\/\/elvonulas.krisnavolgy.hu\/en\/wp-json\/wp\/v2\/product"}],"about":[{"href":"https:\/\/elvonulas.krisnavolgy.hu\/en\/wp-json\/wp\/v2\/types\/product"}],"replies":[{"embeddable":true,"href":"https:\/\/elvonulas.krisnavolgy.hu\/en\/wp-json\/wp\/v2\/comments?post=21854"}],"wp:featuredmedia":[{"embeddable":true,"href":"https:\/\/elvonulas.krisnavolgy.hu\/en\/wp-json\/wp\/v2\/media\/21649"}],"wp:attachment":[{"href":"https:\/\/elvonulas.krisnavolgy.hu\/en\/wp-json\/wp\/v2\/media?parent=21854"}],"wp:term":[{"taxonomy":"product_brand","embeddable":true,"href":"https:\/\/elvonulas.krisnavolgy.hu\/en\/wp-json\/wp\/v2\/product_brand?post=21854"},{"taxonomy":"product_cat","embeddable":true,"href":"https:\/\/elvonulas.krisnavolgy.hu\/en\/wp-json\/wp\/v2\/product_cat?post=21854"},{"taxonomy":"product_tag","embeddable":true,"href":"https:\/\/elvonulas.krisnavolgy.hu\/en\/wp-json\/wp\/v2\/product_tag?post=21854"}],"curies":[{"name":"wp","href":"https:\/\/api.w.org\/{rel}","templated":true}]}}