{"id":21016,"date":"2025-01-20T14:19:04","date_gmt":"2025-01-20T13:19:04","guid":{"rendered":"https:\/\/elvonulas.krisnavolgy.hu\/?post_type=product&#038;p=21016"},"modified":"2025-11-19T14:46:13","modified_gmt":"2025-11-19T13:46:13","slug":"ajurvedikus-eletmod-hetvege-krisna-volgyben","status":"publish","type":"product","link":"https:\/\/elvonulas.krisnavolgy.hu\/en\/product\/ajurvedikus-eletmod-hetvege-krisna-volgyben\/","title":{"rendered":"\u00c1jurv\u00e9dikus \u00e9letm\u00f3d-h\u00e9tv\u00e9ge Krisna-v\u00f6lgyben"},"content":{"rendered":"<p><mark class=\"has-inline-color\">BETELT AZ \u00d6SSZES HELY!<\/mark><\/p>\n<p>K\u00e9pzeld el, hogy egy var\u00e1zslatos h\u00e9tv\u00e9g\u00e9t t\u00f6lthetsz Krisna-v\u00f6lgyben, ahol a term\u00e9szet, a lelki gyakorlatok \u00e9s az \u00e1jurv\u00e9dikus \u00e9letm\u00f3d seg\u00edts\u00e9g\u00e9vel \u00faj er\u0151re kapsz! Itt nem csup\u00e1n a testet, hanem a lelket is t\u00e1pl\u00e1ljuk \u2013 \u00e9s mindezt egy l\u00e9lekemel\u0151 k\u00f6z\u00f6ss\u00e9gben, amely seg\u00edt abban, hogy a h\u00e9tk\u00f6znapokban is harmonikusabb, teljesebb \u00e9letet \u00e9lj! Tarts vel\u00fcnk egy spiritu\u00e1lis utaz\u00e1sra, \u00e9s tudd meg, hogyan \u00e9rheted el a testi-lelki egyens\u00falyt!<\/p>\n","protected":false},"excerpt":{"rendered":"<p><mark class=\"has-inline-color\">BETELT AZ \u00d6SSZES HELY!<\/mark><\/p>\n<p>V\u00e1laszd ki a Sz\u00e1modra megfelel\u0151 d\u00e1tumot, l\u00e9tsz\u00e1mot \u00e9s sz\u00e1ll\u00e1st\u00edpust az elvonul\u00e1son val\u00f3 r\u00e9szv\u00e9telhez!<\/p>\n<p>Fontos, hogy minden k\u00e9t\u00e1gyas \u00e9s h\u00e1rom\u00e1gyas szob\u00e1n\u00e1l egyed\u00fcl leszel a szob\u00e1ban, nem osztozol m\u00e1sokkal! Csak akkor ker\u00fcl egy m\u00e1sik szem\u00e9ly a szob\u00e1dba, ha 2 vagy 3 f\u0151re rendelt\u00e9l.<\/p>\n<p>Vend\u00e9gh\u00e1zak s\u00e9ta-t\u00e1vols\u00e1ga a templomt\u00f3l: Kamala a faluban 24 perc, Elef\u00e1ntos a Farmon bel\u00fcl 18 perc, Gurudeva Bhavan a templom mellett.<\/p>\n","protected":false},"featured_media":20944,"comment_status":"open","ping_status":"closed","template":"","meta":{"inline_featured_image":false},"product_brand":[],"product_cat":[290],"product_tag":[],"class_list":{"0":"post-21016","1":"product","2":"type-product","3":"status-publish","4":"has-post-thumbnail","6":"product_cat-uncategorized","8":"first","9":"outofstock","10":"shipping-taxable","11":"product-type-variable"},"_links":{"self":[{"href":"https:\/\/elvonulas.krisnavolgy.hu\/en\/wp-json\/wp\/v2\/product\/21016","targetHints":{"allow":["GET"]}}],"collection":[{"href":"https:\/\/elvonulas.krisnavolgy.hu\/en\/wp-json\/wp\/v2\/product"}],"about":[{"href":"https:\/\/elvonulas.krisnavolgy.hu\/en\/wp-json\/wp\/v2\/types\/product"}],"replies":[{"embeddable":true,"href":"https:\/\/elvonulas.krisnavolgy.hu\/en\/wp-json\/wp\/v2\/comments?post=21016"}],"wp:featuredmedia":[{"embeddable":true,"href":"https:\/\/elvonulas.krisnavolgy.hu\/en\/wp-json\/wp\/v2\/media\/20944"}],"wp:attachment":[{"href":"https:\/\/elvonulas.krisnavolgy.hu\/en\/wp-json\/wp\/v2\/media?parent=21016"}],"wp:term":[{"taxonomy":"product_brand","embeddable":true,"href":"https:\/\/elvonulas.krisnavolgy.hu\/en\/wp-json\/wp\/v2\/product_brand?post=21016"},{"taxonomy":"product_cat","embeddable":true,"href":"https:\/\/elvonulas.krisnavolgy.hu\/en\/wp-json\/wp\/v2\/product_cat?post=21016"},{"taxonomy":"product_tag","embeddable":true,"href":"https:\/\/elvonulas.krisnavolgy.hu\/en\/wp-json\/wp\/v2\/product_tag?post=21016"}],"curies":[{"name":"wp","href":"https:\/\/api.w.org\/{rel}","templated":true}]}}