{"id":20721,"date":"2024-11-28T15:06:49","date_gmt":"2024-11-28T14:06:49","guid":{"rendered":"https:\/\/elvonulas.krisnavolgy.hu\/?post_type=product&#038;p=20721"},"modified":"2026-03-31T17:55:10","modified_gmt":"2026-03-31T15:55:10","slug":"sikeres-parkapcsolati-elvonulas","status":"publish","type":"product","link":"https:\/\/elvonulas.krisnavolgy.hu\/en\/product\/sikeres-parkapcsolati-elvonulas\/","title":{"rendered":"Sikeres p\u00e1rkapcsolati elvonul\u00e1s"},"content":{"rendered":"<p>A sikeres p\u00e1rkapcsolati elvonul\u00e1s seg\u00edt m\u00e9ly\u00edteni kapcsolatotokat, mik\u00f6zben felfedezhetitek egym\u00e1s rejtett oldalait \u00e9s megtanulj\u00e1tok kezelni a kih\u00edv\u00e1sokat. Workshopok, medit\u00e1ci\u00f3k \u00e9s t\u00e1mogat\u00f3 l\u00e9gk\u00f6r v\u00e1r r\u00e1tok, hogy k\u00f6z\u00f6sen \u00e9p\u00edthess\u00e9tek egy boldogabb j\u00f6v\u0151t!<\/p>\n","protected":false},"excerpt":{"rendered":"<p>V\u00e1laszd ki a sz\u00e1modra megfelel\u0151 sz\u00e1ll\u00e1st \u00e9s d\u00e1tumot az elvonul\u00e1son val\u00f3 r\u00e9szv\u00e9telhez!<\/p>\n<p>Felh\u00edvjuk figyelmedet arra, hogy minden k\u00e9t\u00e1gyas \/ h\u00e1rom\u00e1gyas szoba sz\u00e1ll\u00e1st\u00edpusn\u00e1l a szob\u00e1ban csak Ti ketten lesztek, nem osztoztok m\u00e1s r\u00e9sztvev\u0151vel. Egy rendel\u00e9s 2 f\u0151re, egy p\u00e1r sz\u00e1m\u00e1ra \u00e9rv\u00e9nyes. (nem kell a p\u00e1rod sz\u00e1m\u00e1ra k\u00fcl\u00f6n foglal\u00e1st ind\u00edtanod)<\/p>\n<p>Vend\u00e9gh\u00e1zak s\u00e9ta-t\u00e1vols\u00e1ga a templomt\u00f3l: Kamala a faluban 24 perc, Elef\u00e1ntos a Farmon bel\u00fcl 18 perc, Gurudeva Bhavan a templom mellett.<\/p>\n","protected":false},"featured_media":20980,"comment_status":"open","ping_status":"closed","template":"","meta":{"inline_featured_image":false},"product_brand":[],"product_cat":[290],"product_tag":[],"class_list":{"0":"post-20721","1":"product","2":"type-product","3":"status-publish","4":"has-post-thumbnail","6":"product_cat-uncategorized","8":"first","9":"outofstock","10":"shipping-taxable","11":"purchasable","12":"product-type-variable"},"_links":{"self":[{"href":"https:\/\/elvonulas.krisnavolgy.hu\/en\/wp-json\/wp\/v2\/product\/20721","targetHints":{"allow":["GET"]}}],"collection":[{"href":"https:\/\/elvonulas.krisnavolgy.hu\/en\/wp-json\/wp\/v2\/product"}],"about":[{"href":"https:\/\/elvonulas.krisnavolgy.hu\/en\/wp-json\/wp\/v2\/types\/product"}],"replies":[{"embeddable":true,"href":"https:\/\/elvonulas.krisnavolgy.hu\/en\/wp-json\/wp\/v2\/comments?post=20721"}],"wp:featuredmedia":[{"embeddable":true,"href":"https:\/\/elvonulas.krisnavolgy.hu\/en\/wp-json\/wp\/v2\/media\/20980"}],"wp:attachment":[{"href":"https:\/\/elvonulas.krisnavolgy.hu\/en\/wp-json\/wp\/v2\/media?parent=20721"}],"wp:term":[{"taxonomy":"product_brand","embeddable":true,"href":"https:\/\/elvonulas.krisnavolgy.hu\/en\/wp-json\/wp\/v2\/product_brand?post=20721"},{"taxonomy":"product_cat","embeddable":true,"href":"https:\/\/elvonulas.krisnavolgy.hu\/en\/wp-json\/wp\/v2\/product_cat?post=20721"},{"taxonomy":"product_tag","embeddable":true,"href":"https:\/\/elvonulas.krisnavolgy.hu\/en\/wp-json\/wp\/v2\/product_tag?post=20721"}],"curies":[{"name":"wp","href":"https:\/\/api.w.org\/{rel}","templated":true}]}}