{"id":20719,"date":"2024-11-28T15:06:49","date_gmt":"2024-11-28T14:06:49","guid":{"rendered":"https:\/\/elvonulas.krisnavolgy.hu\/?post_type=product&#038;p=20719"},"modified":"2026-03-31T17:54:02","modified_gmt":"2026-03-31T15:54:02","slug":"meditacio-ut-az-onvalohoz","status":"publish","type":"product","link":"https:\/\/elvonulas.krisnavolgy.hu\/en\/product\/meditacio-ut-az-onvalohoz\/","title":{"rendered":"Medit\u00e1ci\u00f3 &#8211; \u00dat az \u00f6nval\u00f3hoz"},"content":{"rendered":"<p>Fedezd fel a medit\u00e1ci\u00f3 erej\u00e9t \u00e9s tal\u00e1lj r\u00e1 a bels\u0151 b\u00e9k\u00e9dre! Ezen az elvonul\u00e1son megismerheted a mantra medit\u00e1ci\u00f3 technik\u00e1j\u00e1t, amely seg\u00edt a tudat tiszt\u00edt\u00e1s\u00e1ban, a f\u00e9lelmek eloszlat\u00e1s\u00e1ban, \u00e9s a kiegyens\u00falyozott, tudatos \u00e9let el\u00e9r\u00e9s\u00e9ben. Krisna-v\u00f6lgy var\u00e1zslatos k\u00f6rnyezet\u00e9ben \u00faj eszk\u00f6z\u00f6kkel gazdagodsz, hogy a mindennapi \u00e9let kih\u00edv\u00e1saival magabiztosan szemben\u00e9zhess.<\/p>\n","protected":false},"excerpt":{"rendered":"<p><img loading=\"lazy\" decoding=\"async\" class=\"alignnone wp-image-21369 size-full\" src=\"https:\/\/elvonulas.krisnavolgy.hu\/wp-content\/uploads\/Kedvzmeny.png\" alt=\"\" width=\"1414\" height=\"1267\" srcset=\"https:\/\/elvonulas.krisnavolgy.hu\/wp-content\/uploads\/Kedvzmeny.png 1414w, https:\/\/elvonulas.krisnavolgy.hu\/wp-content\/uploads\/Kedvzmeny-300x269.png 300w, https:\/\/elvonulas.krisnavolgy.hu\/wp-content\/uploads\/Kedvzmeny-1024x918.png 1024w, https:\/\/elvonulas.krisnavolgy.hu\/wp-content\/uploads\/Kedvzmeny-768x688.png 768w, https:\/\/elvonulas.krisnavolgy.hu\/wp-content\/uploads\/Kedvzmeny-770x690.png 770w, https:\/\/elvonulas.krisnavolgy.hu\/wp-content\/uploads\/Kedvzmeny-860x771.png 860w\" sizes=\"auto, (max-width: 1414px) 100vw, 1414px\" \/><\/p>\n","protected":false},"featured_media":20825,"comment_status":"open","ping_status":"closed","template":"","meta":{"inline_featured_image":false},"product_brand":[],"product_cat":[290],"product_tag":[],"class_list":{"0":"post-20719","1":"product","2":"type-product","3":"status-publish","4":"has-post-thumbnail","6":"product_cat-uncategorized","8":"first","9":"instock","10":"shipping-taxable","11":"purchasable","12":"product-type-variable"},"_links":{"self":[{"href":"https:\/\/elvonulas.krisnavolgy.hu\/en\/wp-json\/wp\/v2\/product\/20719","targetHints":{"allow":["GET"]}}],"collection":[{"href":"https:\/\/elvonulas.krisnavolgy.hu\/en\/wp-json\/wp\/v2\/product"}],"about":[{"href":"https:\/\/elvonulas.krisnavolgy.hu\/en\/wp-json\/wp\/v2\/types\/product"}],"replies":[{"embeddable":true,"href":"https:\/\/elvonulas.krisnavolgy.hu\/en\/wp-json\/wp\/v2\/comments?post=20719"}],"wp:featuredmedia":[{"embeddable":true,"href":"https:\/\/elvonulas.krisnavolgy.hu\/en\/wp-json\/wp\/v2\/media\/20825"}],"wp:attachment":[{"href":"https:\/\/elvonulas.krisnavolgy.hu\/en\/wp-json\/wp\/v2\/media?parent=20719"}],"wp:term":[{"taxonomy":"product_brand","embeddable":true,"href":"https:\/\/elvonulas.krisnavolgy.hu\/en\/wp-json\/wp\/v2\/product_brand?post=20719"},{"taxonomy":"product_cat","embeddable":true,"href":"https:\/\/elvonulas.krisnavolgy.hu\/en\/wp-json\/wp\/v2\/product_cat?post=20719"},{"taxonomy":"product_tag","embeddable":true,"href":"https:\/\/elvonulas.krisnavolgy.hu\/en\/wp-json\/wp\/v2\/product_tag?post=20719"}],"curies":[{"name":"wp","href":"https:\/\/api.w.org\/{rel}","templated":true}]}}