{"id":20718,"date":"2024-11-28T15:06:49","date_gmt":"2024-11-28T14:06:49","guid":{"rendered":"https:\/\/elvonulas.krisnavolgy.hu\/?post_type=product&#038;p=20718"},"modified":"2025-11-19T14:46:08","modified_gmt":"2025-11-19T13:46:08","slug":"hatha-joga-elvonulas","status":"publish","type":"product","link":"https:\/\/elvonulas.krisnavolgy.hu\/en\/product\/hatha-joga-elvonulas\/","title":{"rendered":"Hatha j\u00f3ga elvonul\u00e1s"},"content":{"rendered":"<p>Fedezd fel a Hatha-j\u00f3ga m\u00e9lyebb spiritu\u00e1lis tartalm\u00e1t ezen a h\u00e1romnapos elvonul\u00e1son, ahol a mantra \u00e9s bhakti j\u00f3ga eszk\u00f6zeivel gazdag\u00edtjuk a gyakorl\u00e1sokat. Krisna-v\u00f6lgy nyugodt k\u00f6rnyezet\u00e9ben \u00f6sszpontos\u00edthatsz a test, elme \u00e9s l\u00e9lek harm\u00f3ni\u00e1j\u00e1ra, mik\u00f6zben a j\u00f3ga val\u00f3di c\u00e9lj\u00e1t is megtapasztalhatod. Napi j\u00f3ga \u00e9s medit\u00e1ci\u00f3, valamint v\u00e1ltozatos fakultat\u00edv programok seg\u00edtenek el\u00e9rni a bels\u0151 b\u00e9k\u00e9t \u00e9s \u00f6nmegval\u00f3s\u00edt\u00e1st.<\/p>\n","protected":false},"excerpt":{"rendered":"<p><img loading=\"lazy\" decoding=\"async\" class=\"alignnone wp-image-21369 size-full\" src=\"https:\/\/elvonulas.krisnavolgy.hu\/wp-content\/uploads\/Kedvzmeny.png\" alt=\"\" width=\"1414\" height=\"1267\" srcset=\"https:\/\/elvonulas.krisnavolgy.hu\/wp-content\/uploads\/Kedvzmeny.png 1414w, https:\/\/elvonulas.krisnavolgy.hu\/wp-content\/uploads\/Kedvzmeny-300x269.png 300w, https:\/\/elvonulas.krisnavolgy.hu\/wp-content\/uploads\/Kedvzmeny-1024x918.png 1024w, https:\/\/elvonulas.krisnavolgy.hu\/wp-content\/uploads\/Kedvzmeny-768x688.png 768w, https:\/\/elvonulas.krisnavolgy.hu\/wp-content\/uploads\/Kedvzmeny-770x690.png 770w, https:\/\/elvonulas.krisnavolgy.hu\/wp-content\/uploads\/Kedvzmeny-860x771.png 860w\" sizes=\"auto, (max-width: 1414px) 100vw, 1414px\" \/><\/p>\n","protected":false},"featured_media":20428,"comment_status":"open","ping_status":"closed","template":"","meta":{"inline_featured_image":false},"product_brand":[],"product_cat":[290],"product_tag":[],"class_list":{"0":"post-20718","1":"product","2":"type-product","3":"status-publish","4":"has-post-thumbnail","6":"product_cat-uncategorized","8":"first","9":"outofstock","10":"shipping-taxable","11":"product-type-variable"},"_links":{"self":[{"href":"https:\/\/elvonulas.krisnavolgy.hu\/en\/wp-json\/wp\/v2\/product\/20718","targetHints":{"allow":["GET"]}}],"collection":[{"href":"https:\/\/elvonulas.krisnavolgy.hu\/en\/wp-json\/wp\/v2\/product"}],"about":[{"href":"https:\/\/elvonulas.krisnavolgy.hu\/en\/wp-json\/wp\/v2\/types\/product"}],"replies":[{"embeddable":true,"href":"https:\/\/elvonulas.krisnavolgy.hu\/en\/wp-json\/wp\/v2\/comments?post=20718"}],"wp:featuredmedia":[{"embeddable":true,"href":"https:\/\/elvonulas.krisnavolgy.hu\/en\/wp-json\/wp\/v2\/media\/20428"}],"wp:attachment":[{"href":"https:\/\/elvonulas.krisnavolgy.hu\/en\/wp-json\/wp\/v2\/media?parent=20718"}],"wp:term":[{"taxonomy":"product_brand","embeddable":true,"href":"https:\/\/elvonulas.krisnavolgy.hu\/en\/wp-json\/wp\/v2\/product_brand?post=20718"},{"taxonomy":"product_cat","embeddable":true,"href":"https:\/\/elvonulas.krisnavolgy.hu\/en\/wp-json\/wp\/v2\/product_cat?post=20718"},{"taxonomy":"product_tag","embeddable":true,"href":"https:\/\/elvonulas.krisnavolgy.hu\/en\/wp-json\/wp\/v2\/product_tag?post=20718"}],"curies":[{"name":"wp","href":"https:\/\/api.w.org\/{rel}","templated":true}]}}