{"id":20717,"date":"2024-11-28T15:06:49","date_gmt":"2024-11-28T14:06:49","guid":{"rendered":"https:\/\/elvonulas.krisnavolgy.hu\/?post_type=product&#038;p=20717"},"modified":"2026-04-03T09:32:32","modified_gmt":"2026-04-03T07:32:32","slug":"spiritualis-elvonulas-hetvege","status":"publish","type":"product","link":"https:\/\/elvonulas.krisnavolgy.hu\/en\/product\/spiritualis-elvonulas-hetvege\/","title":{"rendered":"Spiritu\u00e1lis elvonul\u00e1s h\u00e9tv\u00e9ge"},"content":{"rendered":"<p>P\u00e1ratlan lehet\u0151s\u00e9g, hogy sz\u00fcnetet tarts, \u00e9s megtapasztalj egy magasabbrend\u0171 val\u00f3s\u00e1got. Hagyd otthon az elektromos k\u00fcty\u00fcket, \u00e9s pr\u00f3b\u00e1ld ki a szerzetesi \u00e9letet egy h\u00e9tv\u00e9g\u00e9re! L\u00e1togass el hozz\u00e1nk egy igaz\u00e1n egyedi \u00e9s felejthetetlen \u00e9lm\u00e9ny\u00e9rt!<\/p>\n","protected":false},"excerpt":{"rendered":"<p><img loading=\"lazy\" decoding=\"async\" class=\"alignnone wp-image-21369 size-full\" src=\"https:\/\/elvonulas.krisnavolgy.hu\/wp-content\/uploads\/Kedvzmeny.png\" alt=\"\" width=\"1414\" height=\"1267\" srcset=\"https:\/\/elvonulas.krisnavolgy.hu\/wp-content\/uploads\/Kedvzmeny.png 1414w, https:\/\/elvonulas.krisnavolgy.hu\/wp-content\/uploads\/Kedvzmeny-300x269.png 300w, https:\/\/elvonulas.krisnavolgy.hu\/wp-content\/uploads\/Kedvzmeny-1024x918.png 1024w, https:\/\/elvonulas.krisnavolgy.hu\/wp-content\/uploads\/Kedvzmeny-768x688.png 768w, https:\/\/elvonulas.krisnavolgy.hu\/wp-content\/uploads\/Kedvzmeny-770x690.png 770w, https:\/\/elvonulas.krisnavolgy.hu\/wp-content\/uploads\/Kedvzmeny-860x771.png 860w\" sizes=\"auto, (max-width: 1414px) 100vw, 1414px\" \/><\/p>\n","protected":false},"featured_media":11615,"comment_status":"open","ping_status":"closed","template":"","meta":{"inline_featured_image":false},"product_brand":[],"product_cat":[290],"product_tag":[],"class_list":{"0":"post-20717","1":"product","2":"type-product","3":"status-publish","4":"has-post-thumbnail","6":"product_cat-uncategorized","8":"first","9":"instock","10":"shipping-taxable","11":"purchasable","12":"product-type-variable"},"_links":{"self":[{"href":"https:\/\/elvonulas.krisnavolgy.hu\/en\/wp-json\/wp\/v2\/product\/20717","targetHints":{"allow":["GET"]}}],"collection":[{"href":"https:\/\/elvonulas.krisnavolgy.hu\/en\/wp-json\/wp\/v2\/product"}],"about":[{"href":"https:\/\/elvonulas.krisnavolgy.hu\/en\/wp-json\/wp\/v2\/types\/product"}],"replies":[{"embeddable":true,"href":"https:\/\/elvonulas.krisnavolgy.hu\/en\/wp-json\/wp\/v2\/comments?post=20717"}],"wp:featuredmedia":[{"embeddable":true,"href":"https:\/\/elvonulas.krisnavolgy.hu\/en\/wp-json\/wp\/v2\/media\/11615"}],"wp:attachment":[{"href":"https:\/\/elvonulas.krisnavolgy.hu\/en\/wp-json\/wp\/v2\/media?parent=20717"}],"wp:term":[{"taxonomy":"product_brand","embeddable":true,"href":"https:\/\/elvonulas.krisnavolgy.hu\/en\/wp-json\/wp\/v2\/product_brand?post=20717"},{"taxonomy":"product_cat","embeddable":true,"href":"https:\/\/elvonulas.krisnavolgy.hu\/en\/wp-json\/wp\/v2\/product_cat?post=20717"},{"taxonomy":"product_tag","embeddable":true,"href":"https:\/\/elvonulas.krisnavolgy.hu\/en\/wp-json\/wp\/v2\/product_tag?post=20717"}],"curies":[{"name":"wp","href":"https:\/\/api.w.org\/{rel}","templated":true}]}}